{"id":555,"date":"2023-12-06T14:07:04","date_gmt":"2023-12-06T13:07:04","guid":{"rendered":"https:\/\/dpgomma.it\/company\/"},"modified":"2025-05-30T18:16:21","modified_gmt":"2025-05-30T16:16:21","slug":"company","status":"publish","type":"page","link":"https:\/\/dpgomma.it\/en\/company\/","title":{"rendered":"COMPANY"},"content":{"rendered":"<p>[et_pb_section fb_built=&#8221;1&#8243; _builder_version=&#8221;4.23.1&#8243; _module_preset=&#8221;default&#8221; use_background_color_gradient=&#8221;on&#8221; background_color_gradient_stops=&#8221;rgba(43,135,218,0.18) 0%|gcid-e8f99b7b-c0e8-409b-a89a-881b14836872 100%&#8221; background_color_gradient_overlays_image=&#8221;on&#8221; background_image=&#8221;https:\/\/dpgomma.it\/wp-content\/uploads\/2023\/12\/DSC1835-scaled.webp&#8221; background_enable_mask_style=&#8221;on&#8221; background_mask_style=&#8221;caret&#8221; background_mask_color=&#8221;gcid-e8f99b7b-c0e8-409b-a89a-881b14836872&#8243; background_mask_transform=&#8221;invert|flip_horizontal&#8221; border_width_bottom=&#8221;9px&#8221; border_color_bottom=&#8221;gcid-886cf75f-56d0-40b8-8b06-ce248c0fefa8&#8243; global_colors_info=&#8221;{%22gcid-886cf75f-56d0-40b8-8b06-ce248c0fefa8%22:%91%22border_color_bottom%22%93,%22gcid-e8f99b7b-c0e8-409b-a89a-881b14836872%22:%91%22background_color_gradient_stops%22,%22background_mask_color%22%93}&#8221;][et_pb_row column_structure=&#8221;1_2,1_2&#8243; _builder_version=&#8221;4.23.1&#8243; _module_preset=&#8221;default&#8221; global_colors_info=&#8221;{}&#8221;][et_pb_column type=&#8221;1_2&#8243; _builder_version=&#8221;4.23.1&#8243; _module_preset=&#8221;default&#8221; global_colors_info=&#8221;{}&#8221;][et_pb_heading title=&#8221;COMPANY&#8221; _builder_version=&#8221;4.23.1&#8243; _module_preset=&#8221;default&#8221; title_font=&#8221;|700|||||||&#8221; title_text_color=&#8221;#FFFFFF&#8221; title_font_size=&#8221;50px&#8221; custom_padding=&#8221;60px||||false|false&#8221; title_text_shadow_style=&#8221;preset1&#8243; title_text_shadow_color=&#8221;#000000&#8243; global_colors_info=&#8221;{}&#8221;][\/et_pb_heading][\/et_pb_column][et_pb_column type=&#8221;1_2&#8243; _builder_version=&#8221;4.23.1&#8243; _module_preset=&#8221;default&#8221; global_colors_info=&#8221;{}&#8221;][et_pb_text _builder_version=&#8221;4.23.1&#8243; _module_preset=&#8221;default&#8221; text_font=&#8221;||on||||||&#8221; text_text_color=&#8221;#FFFFFF&#8221; text_font_size=&#8221;20px&#8221; text_line_height=&#8221;1.8em&#8221; text_text_shadow_style=&#8221;preset1&#8243; global_colors_info=&#8221;{}&#8221;]<\/p>\n<p>&#8220;DP is a young company, set up and designed according to systems linked to innovation and quality.&#8221;<\/p>\n<p>[\/et_pb_text][\/et_pb_column][\/et_pb_row][\/et_pb_section][et_pb_section fb_built=&#8221;1&#8243; _builder_version=&#8221;4.23.1&#8243; _module_preset=&#8221;default&#8221; background_color=&#8221;#FFFFFF&#8221; custom_padding=&#8221;0px|0px|0px|0px|false|false&#8221; global_colors_info=&#8221;{}&#8221; admin_label=&#8221;Section&#8221;][et_pb_row column_structure=&#8221;1_2,1_2&#8243; use_custom_gutter=&#8221;on&#8221; gutter_width=&#8221;1&#8243; make_equal=&#8221;on&#8221; _builder_version=&#8221;4.23.1&#8243; _module_preset=&#8221;default&#8221; width=&#8221;100%&#8221; max_width=&#8221;100%&#8221; custom_margin=&#8221;0px|0px|0px|0px|false|false&#8221; custom_padding=&#8221;0px|0px|0px|0px|false|false&#8221; global_colors_info=&#8221;{}&#8221;][et_pb_column type=&#8221;1_2&#8243; _builder_version=&#8221;4.23.1&#8243; _module_preset=&#8221;default&#8221; global_colors_info=&#8221;{}&#8221;][et_pb_gallery gallery_ids=&#8221;523,520,521,522&#8243; fullwidth=&#8221;on&#8221; _builder_version=&#8221;4.23.1&#8243; _module_preset=&#8221;default&#8221; global_colors_info=&#8221;{}&#8221;][\/et_pb_gallery][\/et_pb_column][et_pb_column type=&#8221;1_2&#8243; _builder_version=&#8221;4.23.1&#8243; _module_preset=&#8221;default&#8221; custom_padding=&#8221;30px|30px||30px|false|false&#8221; global_colors_info=&#8221;{}&#8221;][et_pb_text _builder_version=&#8221;4.23.1&#8243; _module_preset=&#8221;default&#8221; header_2_font=&#8221;|600|||||||&#8221; header_2_text_align=&#8221;center&#8221; header_2_font_size=&#8221;36px&#8221; custom_margin=&#8221;||0px||false|false&#8221; custom_padding=&#8221;||0px||false|false&#8221; locked=&#8221;off&#8221; global_colors_info=&#8221;{}&#8221;]<\/p>\n<h2>THE COMPANY<\/h2>\n<p>[\/et_pb_text][et_pb_divider color=&#8221;#7cb928&#8243; divider_weight=&#8221;3px&#8221; _builder_version=&#8221;4.23.1&#8243; _module_preset=&#8221;default&#8221; width=&#8221;23%&#8221; module_alignment=&#8221;center&#8221; custom_margin=&#8221;0px|0px|0px|0px|false|false&#8221; custom_padding=&#8221;0px|0px|0px|0px|false|false&#8221; locked=&#8221;off&#8221; global_colors_info=&#8221;{}&#8221;][\/et_pb_divider][et_pb_text _builder_version=&#8221;4.23.4&#8243; _module_preset=&#8221;default&#8221; text_font_size=&#8221;16px&#8221; text_orientation=&#8221;justified&#8221; global_colors_info=&#8221;{}&#8221;]<\/p>\n<p style=\"text-align: justify;\">&#8220;DP is a young company, set up and designed according to systems linked to innovation and quality.&#8221;<\/p>\n<p style=\"text-align: justify;\">Qualified, young, determined staff, combined with the use of state-of-the-art equipment, allow us to provide services of excellence.<\/p>\n<p style=\"text-align: justify;\">A lean and dynamic administrative part ensures that most energy is devoted to the customer and his needs.<\/p>\n<p style=\"text-align: justify;\">Investments in state-of-the-art equipment and constant staff training ensure the company&#8217;s constant growth in terms of people and production.<\/p>\n<p style=\"text-align: justify;\">The owner wants DP Gomma to be the ideal partner for companies in the rubber industry and to do this it is essential that the services and products offered are timely, punctual and reduce human error to a minimum.<\/p>\n<p style=\"text-align: justify;\">In an increasingly demanding market, it was decided to focus on true quality and not apparent quality.<\/p>\n<p style=\"text-align: justify;\">Our true Mission? Integration with our customers&#8217; production processes.<\/p>\n<p>[\/et_pb_text][\/et_pb_column][\/et_pb_row][\/et_pb_section][et_pb_section fb_built=&#8221;1&#8243; admin_label=&#8221;Sezione&#8221; _builder_version=&#8221;4.23.1&#8243; _module_preset=&#8221;default&#8221; background_color=&#8221;#FFFFFF&#8221; custom_padding=&#8221;0px|0px|0px|0px|false|false&#8221; global_colors_info=&#8221;{}&#8221;][et_pb_row column_structure=&#8221;1_2,1_2&#8243; use_custom_gutter=&#8221;on&#8221; gutter_width=&#8221;1&#8243; make_equal=&#8221;on&#8221; _builder_version=&#8221;4.23.1&#8243; _module_preset=&#8221;default&#8221; width=&#8221;100%&#8221; max_width=&#8221;100%&#8221; custom_margin=&#8221;0px|0px|0px|0px|false|false&#8221; custom_padding=&#8221;0px|0px|0px|0px|false|false&#8221; global_colors_info=&#8221;{}&#8221;][et_pb_column type=&#8221;1_2&#8243; _builder_version=&#8221;4.23.1&#8243; _module_preset=&#8221;default&#8221; custom_padding=&#8221;30px|30px|60px|30px|false|false&#8221; global_colors_info=&#8221;{}&#8221;][et_pb_text _builder_version=&#8221;4.23.1&#8243; _module_preset=&#8221;default&#8221; header_2_font=&#8221;|600|||||||&#8221; header_2_text_align=&#8221;center&#8221; header_2_font_size=&#8221;36px&#8221; custom_margin=&#8221;||0px||false|false&#8221; custom_padding=&#8221;||0px||false|false&#8221; locked=&#8221;off&#8221; global_colors_info=&#8221;{}&#8221;]<\/p>\n<h2>CERTIFICATES<\/h2>\n<p>[\/et_pb_text][et_pb_divider color=&#8221;#7cb928&#8243; divider_weight=&#8221;3px&#8221; _builder_version=&#8221;4.27.4&#8243; _module_preset=&#8221;default&#8221; width=&#8221;23%&#8221; module_alignment=&#8221;center&#8221; custom_margin=&#8221;0px|0px|0px|0px|false|false&#8221; custom_padding=&#8221;0px|0px|0px|0px|false|false&#8221; hover_enabled=&#8221;0&#8243; locked=&#8221;off&#8221; global_colors_info=&#8221;{}&#8221; sticky_enabled=&#8221;0&#8243;][\/et_pb_divider][et_pb_text _builder_version=&#8221;4.23.1&#8243; _module_preset=&#8221;default&#8221; text_font_size=&#8221;16px&#8221; text_orientation=&#8221;justified&#8221; global_colors_info=&#8221;{}&#8221;]In order to guarantee the best possible service, and to meet any audit requirements from customers, our company has implemented a Quality System in accordance with UNI EN ISO 9001-2015.<br \/>\nEach manufacturing process is monitored at all stages, guaranteeing an excellent and, above all, stable and durable standard.<br \/>\nISO 9000 is a series of internationally valid standards, which refer to quality management systems, i.e. the organisational structures that public and private companies should adopt in order to better orient the company towards achieving results in line with market expectations.<br \/>\nDP Gomma Srl has created an organisational system within the company whose requirements comply with ISO 9001. The requirements of the standard apply to all business processes, from sales to purchasing management and production.<br \/>\nThese certifications are a boast for the company and an extra security for our customers.[\/et_pb_text][et_pb_blurb title=&#8221;ISO 9001:2015&#8243; image_icon_width=&#8221;100%&#8221; disabled_on=&#8221;off|off|on&#8221; _builder_version=&#8221;4.23.1&#8243; _module_preset=&#8221;default&#8221; header_font=&#8221;|700|||||||&#8221; header_text_align=&#8221;center&#8221; header_text_color=&#8221;gcid-e8f99b7b-c0e8-409b-a89a-881b14836872&#8243; width=&#8221;50%&#8221; custom_padding=&#8221;2%||||false|false&#8221; hover_enabled=&#8221;0&#8243; global_colors_info=&#8221;{%22gcid-e8f99b7b-c0e8-409b-a89a-881b14836872%22:%91%22header_text_color%22,%22header_text_color%22,%22header_text_color%22%93}&#8221; sticky_enabled=&#8221;0&#8243;][\/et_pb_blurb][et_pb_button button_url=&#8221;https:\/\/dpgomma.it\/wp-content\/uploads\/2025\/05\/DP-GOMMA-SRL_IT_270_25_QMS.pdf&#8221; button_text=&#8221;VIEW&#8221; button_alignment=&#8221;center&#8221; disabled_on=&#8221;off|off|on&#8221; _builder_version=&#8221;4.27.4&#8243; _module_preset=&#8221;default&#8221; custom_margin=&#8221;|5%|||false|false&#8221; custom_padding=&#8221;||||false|false&#8221; hover_enabled=&#8221;0&#8243; global_colors_info=&#8221;{}&#8221; sticky_enabled=&#8221;0&#8243;][\/et_pb_button][et_pb_blurb title=&#8221;Quality Policy&#8221; image_icon_width=&#8221;100%&#8221; disabled_on=&#8221;off|off|on&#8221; _builder_version=&#8221;4.23.1&#8243; _module_preset=&#8221;default&#8221; header_font=&#8221;|700|||||||&#8221; header_text_align=&#8221;center&#8221; header_text_color=&#8221;gcid-e8f99b7b-c0e8-409b-a89a-881b14836872&#8243; width=&#8221;50%&#8221; custom_padding=&#8221;2%||||false|false&#8221; hover_enabled=&#8221;0&#8243; global_colors_info=&#8221;{%22gcid-e8f99b7b-c0e8-409b-a89a-881b14836872%22:%91%22header_text_color%22,%22header_text_color%22,%22header_text_color%22%93}&#8221; sticky_enabled=&#8221;0&#8243;][\/et_pb_blurb][et_pb_button button_url=&#8221;\/wp-content\/uploads\/2023\/12\/politica-qualita.pdf&#8221; button_text=&#8221;VIEW&#8221; button_alignment=&#8221;center&#8221; disabled_on=&#8221;off|off|on&#8221; _builder_version=&#8221;4.23.1&#8243; _module_preset=&#8221;default&#8221; custom_margin=&#8221;|5%|||false|false&#8221; custom_padding=&#8221;||||false|false&#8221; hover_enabled=&#8221;0&#8243; global_colors_info=&#8221;{}&#8221; sticky_enabled=&#8221;0&#8243;][\/et_pb_button][et_pb_blurb title=&#8221;ISO 9001:2015&#8243; image_icon_width=&#8221;100%&#8221; disabled_on=&#8221;on|on|off&#8221; _builder_version=&#8221;4.23.1&#8243; _module_preset=&#8221;default&#8221; header_font=&#8221;|700|||||||&#8221; header_text_align=&#8221;center&#8221; header_text_color=&#8221;gcid-e8f99b7b-c0e8-409b-a89a-881b14836872&#8243; width=&#8221;50%&#8221; custom_padding=&#8221;2%||||false|false&#8221; hover_enabled=&#8221;0&#8243; custom_css_main_element=&#8221;float:right;&#8221; global_colors_info=&#8221;{%22gcid-e8f99b7b-c0e8-409b-a89a-881b14836872%22:%91%22header_text_color%22,%22header_text_color%22,%22header_text_color%22%93}&#8221; sticky_enabled=&#8221;0&#8243;][\/et_pb_blurb][et_pb_blurb title=&#8221;Quality Policy&#8221; image_icon_width=&#8221;100%&#8221; disabled_on=&#8221;on|on|off&#8221; admin_label=&#8221;Blur&#8221; _builder_version=&#8221;4.23.1&#8243; _module_preset=&#8221;default&#8221; header_font=&#8221;|700|||||||&#8221; header_text_align=&#8221;center&#8221; header_text_color=&#8221;gcid-e8f99b7b-c0e8-409b-a89a-881b14836872&#8243; width=&#8221;50%&#8221; custom_padding=&#8221;2%||||false|false&#8221; hover_enabled=&#8221;0&#8243; custom_css_main_element=&#8221;float:right;&#8221; global_colors_info=&#8221;{%22gcid-e8f99b7b-c0e8-409b-a89a-881b14836872%22:%91%22header_text_color%22,%22header_text_color%22%93}&#8221; sticky_enabled=&#8221;0&#8243;][\/et_pb_blurb][et_pb_button button_url=&#8221;https:\/\/dpgomma.it\/wp-content\/uploads\/2025\/05\/DP-GOMMA-SRL_IT_270_25_QMS.pdf&#8221; button_text=&#8221;VIEW&#8221; button_alignment=&#8221;left&#8221; disabled_on=&#8221;on|on|off&#8221; admin_label=&#8221;Pulsante&#8221; _builder_version=&#8221;4.27.4&#8243; _module_preset=&#8221;default&#8221; custom_margin=&#8221;|5%|||false|false&#8221; custom_padding=&#8221;||||false|false&#8221; hover_enabled=&#8221;0&#8243; custom_css_before=&#8221;width: 40%;||float: right;||z-index: 99999;&#8221; custom_css_main_element=&#8221;width: 40%;||text-align:center;||float: right;||z-index: 99999;&#8221; global_colors_info=&#8221;{}&#8221; sticky_enabled=&#8221;0&#8243;][\/et_pb_button][et_pb_button button_url=&#8221;https:\/\/dpgomma.it\/wp-content\/uploads\/2023\/12\/politica-qualita.pdf&#8221; button_text=&#8221;VIEW&#8221; button_alignment=&#8221;left&#8221; disabled_on=&#8221;on|on|off&#8221; admin_label=&#8221;Pulsante&#8221; _builder_version=&#8221;4.23.4&#8243; _module_preset=&#8221;default&#8221; custom_margin=&#8221;|||5%|false|false&#8221; custom_padding=&#8221;||||false|false&#8221; custom_css_before=&#8221;width: 40%;||float: left;&#8221; custom_css_main_element=&#8221;width: 40%;||text-align:center;&#8221; global_colors_info=&#8221;{}&#8221;][\/et_pb_button][\/et_pb_column][et_pb_column type=&#8221;1_2&#8243; _builder_version=&#8221;4.23.1&#8243; _module_preset=&#8221;default&#8221; background_image=&#8221;https:\/\/dpgomma.it\/wp-content\/uploads\/2023\/12\/cernita-manuale.png&#8221; global_colors_info=&#8221;{}&#8221;][\/et_pb_column][\/et_pb_row][\/et_pb_section]<\/p>\n","protected":false},"excerpt":{"rendered":"<p>&#8220;DP is a young company, set up and designed according to systems linked to innovation and quality.&#8221;THE COMPANY&#8221;DP is a young company, set up and designed according to systems linked to innovation and quality.&#8221; Qualified, young, determined staff, combined with the use of state-of-the-art equipment, allow us to provide services of excellence. A lean and [&hellip;]<\/p>\n","protected":false},"author":1,"featured_media":0,"parent":0,"menu_order":0,"comment_status":"closed","ping_status":"closed","template":"","meta":{"_et_pb_use_builder":"on","_et_pb_old_content":"","_et_gb_content_width":"","footnotes":""},"class_list":["post-555","page","type-page","status-publish","hentry"],"yoast_head":"<!-- This site is optimized with the Yoast SEO plugin v27.4 - https:\/\/yoast.com\/product\/yoast-seo-wordpress\/ -->\n<title>D.P. Gomma S.r.l. - Azienda<\/title>\n<meta name=\"description\" content=\"D.P. Gomma \u00e8 una realt\u00e0 impostata secondo sistemi legati all&#039;innovazione e alla qualit\u00e0. Cernita automatica e manuale di guarnizioni.\" \/>\n<meta name=\"robots\" content=\"index, follow, max-snippet:-1, max-image-preview:large, max-video-preview:-1\" \/>\n<link rel=\"canonical\" href=\"https:\/\/dpgomma.it\/en\/company\/\" \/>\n<meta property=\"og:locale\" content=\"en_US\" \/>\n<meta property=\"og:type\" content=\"article\" \/>\n<meta property=\"og:title\" content=\"D.P. Gomma S.r.l. - Azienda\" \/>\n<meta property=\"og:description\" content=\"D.P. Gomma \u00e8 una realt\u00e0 impostata secondo sistemi legati all&#039;innovazione e alla qualit\u00e0. Cernita automatica e manuale di guarnizioni.\" \/>\n<meta property=\"og:url\" content=\"https:\/\/dpgomma.it\/en\/company\/\" \/>\n<meta property=\"og:site_name\" content=\"D.P. Gomma S.r.l.\" \/>\n<meta property=\"article:modified_time\" content=\"2025-05-30T16:16:21+00:00\" \/>\n<meta name=\"twitter:card\" content=\"summary_large_image\" \/>\n<meta name=\"twitter:label1\" content=\"Est. reading time\" \/>\n\t<meta name=\"twitter:data1\" content=\"7 minutes\" \/>\n<script type=\"application\/ld+json\" class=\"yoast-schema-graph\">{\"@context\":\"https:\\\/\\\/schema.org\",\"@graph\":[{\"@type\":\"WebPage\",\"@id\":\"https:\\\/\\\/dpgomma.it\\\/en\\\/company\\\/\",\"url\":\"https:\\\/\\\/dpgomma.it\\\/en\\\/company\\\/\",\"name\":\"D.P. Gomma S.r.l. - Azienda\",\"isPartOf\":{\"@id\":\"https:\\\/\\\/dpgomma.it\\\/en\\\/#website\"},\"datePublished\":\"2023-12-06T13:07:04+00:00\",\"dateModified\":\"2025-05-30T16:16:21+00:00\",\"description\":\"D.P. Gomma \u00e8 una realt\u00e0 impostata secondo sistemi legati all'innovazione e alla qualit\u00e0. Cernita automatica e manuale di guarnizioni.\",\"breadcrumb\":{\"@id\":\"https:\\\/\\\/dpgomma.it\\\/en\\\/company\\\/#breadcrumb\"},\"inLanguage\":\"en-US\",\"potentialAction\":[{\"@type\":\"ReadAction\",\"target\":[\"https:\\\/\\\/dpgomma.it\\\/en\\\/company\\\/\"]}]},{\"@type\":\"BreadcrumbList\",\"@id\":\"https:\\\/\\\/dpgomma.it\\\/en\\\/company\\\/#breadcrumb\",\"itemListElement\":[{\"@type\":\"ListItem\",\"position\":1,\"name\":\"Home\",\"item\":\"https:\\\/\\\/dpgomma.it\\\/en\\\/\"},{\"@type\":\"ListItem\",\"position\":2,\"name\":\"COMPANY\"}]},{\"@type\":\"WebSite\",\"@id\":\"https:\\\/\\\/dpgomma.it\\\/en\\\/#website\",\"url\":\"https:\\\/\\\/dpgomma.it\\\/en\\\/\",\"name\":\"D.P. Gomma S.r.l.\",\"description\":\"Cernita Automatica e Manuale Guarnizioni\",\"publisher\":{\"@id\":\"https:\\\/\\\/dpgomma.it\\\/en\\\/#organization\"},\"potentialAction\":[{\"@type\":\"SearchAction\",\"target\":{\"@type\":\"EntryPoint\",\"urlTemplate\":\"https:\\\/\\\/dpgomma.it\\\/en\\\/?s={search_term_string}\"},\"query-input\":{\"@type\":\"PropertyValueSpecification\",\"valueRequired\":true,\"valueName\":\"search_term_string\"}}],\"inLanguage\":\"en-US\"},{\"@type\":\"Organization\",\"@id\":\"https:\\\/\\\/dpgomma.it\\\/en\\\/#organization\",\"name\":\"D.P. Gomma S.r.l.\",\"url\":\"https:\\\/\\\/dpgomma.it\\\/en\\\/\",\"logo\":{\"@type\":\"ImageObject\",\"inLanguage\":\"en-US\",\"@id\":\"https:\\\/\\\/dpgomma.it\\\/en\\\/#\\\/schema\\\/logo\\\/image\\\/\",\"url\":\"https:\\\/\\\/dpgomma.it\\\/wp-content\\\/uploads\\\/2023\\\/12\\\/logo_dpgomma.png\",\"contentUrl\":\"https:\\\/\\\/dpgomma.it\\\/wp-content\\\/uploads\\\/2023\\\/12\\\/logo_dpgomma.png\",\"width\":110,\"height\":62,\"caption\":\"D.P. Gomma S.r.l.\"},\"image\":{\"@id\":\"https:\\\/\\\/dpgomma.it\\\/en\\\/#\\\/schema\\\/logo\\\/image\\\/\"}}]}<\/script>\n<!-- \/ Yoast SEO plugin. -->","yoast_head_json":{"title":"D.P. Gomma S.r.l. - Azienda","description":"D.P. Gomma \u00e8 una realt\u00e0 impostata secondo sistemi legati all'innovazione e alla qualit\u00e0. Cernita automatica e manuale di guarnizioni.","robots":{"index":"index","follow":"follow","max-snippet":"max-snippet:-1","max-image-preview":"max-image-preview:large","max-video-preview":"max-video-preview:-1"},"canonical":"https:\/\/dpgomma.it\/en\/company\/","og_locale":"en_US","og_type":"article","og_title":"D.P. Gomma S.r.l. - Azienda","og_description":"D.P. Gomma \u00e8 una realt\u00e0 impostata secondo sistemi legati all'innovazione e alla qualit\u00e0. Cernita automatica e manuale di guarnizioni.","og_url":"https:\/\/dpgomma.it\/en\/company\/","og_site_name":"D.P. Gomma S.r.l.","article_modified_time":"2025-05-30T16:16:21+00:00","twitter_card":"summary_large_image","twitter_misc":{"Est. reading time":"7 minutes"},"schema":{"@context":"https:\/\/schema.org","@graph":[{"@type":"WebPage","@id":"https:\/\/dpgomma.it\/en\/company\/","url":"https:\/\/dpgomma.it\/en\/company\/","name":"D.P. Gomma S.r.l. - Azienda","isPartOf":{"@id":"https:\/\/dpgomma.it\/en\/#website"},"datePublished":"2023-12-06T13:07:04+00:00","dateModified":"2025-05-30T16:16:21+00:00","description":"D.P. Gomma \u00e8 una realt\u00e0 impostata secondo sistemi legati all'innovazione e alla qualit\u00e0. Cernita automatica e manuale di guarnizioni.","breadcrumb":{"@id":"https:\/\/dpgomma.it\/en\/company\/#breadcrumb"},"inLanguage":"en-US","potentialAction":[{"@type":"ReadAction","target":["https:\/\/dpgomma.it\/en\/company\/"]}]},{"@type":"BreadcrumbList","@id":"https:\/\/dpgomma.it\/en\/company\/#breadcrumb","itemListElement":[{"@type":"ListItem","position":1,"name":"Home","item":"https:\/\/dpgomma.it\/en\/"},{"@type":"ListItem","position":2,"name":"COMPANY"}]},{"@type":"WebSite","@id":"https:\/\/dpgomma.it\/en\/#website","url":"https:\/\/dpgomma.it\/en\/","name":"D.P. Gomma S.r.l.","description":"Cernita Automatica e Manuale Guarnizioni","publisher":{"@id":"https:\/\/dpgomma.it\/en\/#organization"},"potentialAction":[{"@type":"SearchAction","target":{"@type":"EntryPoint","urlTemplate":"https:\/\/dpgomma.it\/en\/?s={search_term_string}"},"query-input":{"@type":"PropertyValueSpecification","valueRequired":true,"valueName":"search_term_string"}}],"inLanguage":"en-US"},{"@type":"Organization","@id":"https:\/\/dpgomma.it\/en\/#organization","name":"D.P. Gomma S.r.l.","url":"https:\/\/dpgomma.it\/en\/","logo":{"@type":"ImageObject","inLanguage":"en-US","@id":"https:\/\/dpgomma.it\/en\/#\/schema\/logo\/image\/","url":"https:\/\/dpgomma.it\/wp-content\/uploads\/2023\/12\/logo_dpgomma.png","contentUrl":"https:\/\/dpgomma.it\/wp-content\/uploads\/2023\/12\/logo_dpgomma.png","width":110,"height":62,"caption":"D.P. Gomma S.r.l."},"image":{"@id":"https:\/\/dpgomma.it\/en\/#\/schema\/logo\/image\/"}}]}},"_links":{"self":[{"href":"https:\/\/dpgomma.it\/en\/wp-json\/wp\/v2\/pages\/555","targetHints":{"allow":["GET"]}}],"collection":[{"href":"https:\/\/dpgomma.it\/en\/wp-json\/wp\/v2\/pages"}],"about":[{"href":"https:\/\/dpgomma.it\/en\/wp-json\/wp\/v2\/types\/page"}],"author":[{"embeddable":true,"href":"https:\/\/dpgomma.it\/en\/wp-json\/wp\/v2\/users\/1"}],"replies":[{"embeddable":true,"href":"https:\/\/dpgomma.it\/en\/wp-json\/wp\/v2\/comments?post=555"}],"version-history":[{"count":13,"href":"https:\/\/dpgomma.it\/en\/wp-json\/wp\/v2\/pages\/555\/revisions"}],"predecessor-version":[{"id":776,"href":"https:\/\/dpgomma.it\/en\/wp-json\/wp\/v2\/pages\/555\/revisions\/776"}],"wp:attachment":[{"href":"https:\/\/dpgomma.it\/en\/wp-json\/wp\/v2\/media?parent=555"}],"curies":[{"name":"wp","href":"https:\/\/api.w.org\/{rel}","templated":true}]}}